{"id":4039,"date":"2025-01-22T21:08:26","date_gmt":"2025-01-23T03:08:26","guid":{"rendered":"https:\/\/videogam.net\/inicio\/?page_id=4039"},"modified":"2025-01-22T21:08:35","modified_gmt":"2025-01-23T03:08:35","slug":"paquete-video-gam-especial","status":"publish","type":"page","link":"https:\/\/videogam.net\/inicio\/paquete-video-gam-especial\/","title":{"rendered":"Paquete video GAM especial"},"content":{"rendered":"\n<figure class=\"wp-block-image size-full\"><img fetchpriority=\"high\" decoding=\"async\" width=\"1000\" height=\"562\" src=\"https:\/\/videogam.net\/inicio\/wp-content\/uploads\/2025\/01\/en-contruccion-Copia.jpg\" alt=\"\" class=\"wp-image-4038\" srcset=\"https:\/\/videogam.net\/inicio\/wp-content\/uploads\/2025\/01\/en-contruccion-Copia.jpg 1000w, https:\/\/videogam.net\/inicio\/wp-content\/uploads\/2025\/01\/en-contruccion-Copia-300x169.jpg 300w, https:\/\/videogam.net\/inicio\/wp-content\/uploads\/2025\/01\/en-contruccion-Copia-768x432.jpg 768w\" sizes=\"(max-width: 1000px) 100vw, 1000px\" \/><\/figure>\n\n\n\n<figure class=\"wp-block-image aligncenter size-large\"><img decoding=\"async\" width=\"1024\" height=\"192\" src=\"https:\/\/videogam.net\/inicio\/wp-content\/uploads\/2025\/01\/baner-OSCUE-1024x192.jpg\" alt=\"\" class=\"wp-image-3808\" srcset=\"https:\/\/videogam.net\/inicio\/wp-content\/uploads\/2025\/01\/baner-OSCUE-1024x192.jpg 1024w, https:\/\/videogam.net\/inicio\/wp-content\/uploads\/2025\/01\/baner-OSCUE-300x56.jpg 300w, https:\/\/videogam.net\/inicio\/wp-content\/uploads\/2025\/01\/baner-OSCUE-768x144.jpg 768w, https:\/\/videogam.net\/inicio\/wp-content\/uploads\/2025\/01\/baner-OSCUE.jpg 1280w\" sizes=\"(max-width: 1024px) 100vw, 1024px\" \/><\/figure>\n\n\n\n<figure class=\"wp-block-image aligncenter size-full\"><img decoding=\"async\" width=\"720\" height=\"720\" src=\"https:\/\/videogam.net\/inicio\/wp-content\/uploads\/2025\/01\/medio-gris-720-Copia.jpg\" alt=\"\" class=\"wp-image-3807\" srcset=\"https:\/\/videogam.net\/inicio\/wp-content\/uploads\/2025\/01\/medio-gris-720-Copia.jpg 720w, https:\/\/videogam.net\/inicio\/wp-content\/uploads\/2025\/01\/medio-gris-720-Copia-300x300.jpg 300w, https:\/\/videogam.net\/inicio\/wp-content\/uploads\/2025\/01\/medio-gris-720-Copia-150x150.jpg 150w\" sizes=\"(max-width: 720px) 100vw, 720px\" \/><\/figure>\n\n\n\n<div class=\"wp-block-group is-layout-constrained wp-block-group-is-layout-constrained\">\n<div class=\"wp-block-columns is-layout-flex wp-container-core-columns-is-layout-28f84493 wp-block-columns-is-layout-flex\">\n<div class=\"wp-block-column is-layout-flow wp-block-column-is-layout-flow\">\n<ul class=\"wp-block-list\">\n<li>el video puede ser en alta definici\u00f3n HD pre terminada o 4K, 5K, 6K eleva costo<\/li>\n\n\n\n<li>250 a 300 Fotos impresas tipo postal<\/li>\n\n\n\n<li>2 cuadros extragrandes, con marcos especiales<\/li>\n\n\n\n<li>2 cuadro medianos<\/li>\n\n\n\n<li>1 una Foto para firmas o dedicatorias opcional<\/li>\n\n\n\n<li>Invitaci\u00f3n digital web, o video invitaci\u00f3n, hay m\u00e1s privacidad (opcional)<\/li>\n\n\n\n<li>cobertura desde su inicio a su final del acontecimiento<\/li>\n\n\n\n<li>tiempo de grabaci\u00f3n Editado 4 o lo que sea necesario para su video<\/li>\n\n\n\n<li>video editado, musicalizado, y titulado<\/li>\n\n\n\n<li>video multi c\u00e1mara<\/li>\n\n\n\n<li>videoclip para 15 a\u00f1os o Boda<\/li>\n\n\n\n<li>Photobook grande<\/li>\n\n\n\n<li>5 memorias USB multimedia formato MP4 o MKV<\/li>\n\n\n\n<li>video en l\u00ednea para sus dispositivos (un mes activo)<\/li>\n\n\n\n<li>200 a 300 im\u00e1genes digitales, se le entregar\u00e1n online.<\/li>\n\n\n\n<li>Sesi\u00f3n fotogr\u00e1fica una hora+ promedio<\/li>\n\n\n\n<li>Sesi\u00f3n de fotos previa, se sugiere semanas antes del acontecimiento (opcional) localidades for\u00e1neas, al gusto del cliente<\/li>\n\n\n\n<li>D\u00eda diferente para regalos o preparativos y final (opcional) sin costo<\/li>\n\n\n\n<li>transmisi\u00f3n de video circuito cerrado<\/li>\n<\/ul>\n<\/div>\n<\/div>\n<\/div>\n<script>function PlayerjsAsync(){} if(window[\"Playerjs\"]){PlayerjsAsync();}<\/script>","protected":false},"excerpt":{"rendered":"","protected":false},"author":2,"featured_media":0,"parent":0,"menu_order":0,"comment_status":"closed","ping_status":"closed","template":"","meta":{"om_disable_all_campaigns":false,"_uag_custom_page_level_css":"","_monsterinsights_skip_tracking":false,"_monsterinsights_sitenote_active":false,"_monsterinsights_sitenote_note":"","_monsterinsights_sitenote_category":0,"footnotes":""},"class_list":["post-4039","page","type-page","status-publish","hentry"],"aioseo_notices":[],"uagb_featured_image_src":{"full":false,"thumbnail":false,"medium":false,"medium_large":false,"large":false,"1536x1536":false,"2048x2048":false},"uagb_author_info":{"display_name":"Video Gam","author_link":"https:\/\/videogam.net\/inicio\/author\/videogam\/"},"uagb_comment_info":0,"uagb_excerpt":null,"_links":{"self":[{"href":"https:\/\/videogam.net\/inicio\/wp-json\/wp\/v2\/pages\/4039","targetHints":{"allow":["GET"]}}],"collection":[{"href":"https:\/\/videogam.net\/inicio\/wp-json\/wp\/v2\/pages"}],"about":[{"href":"https:\/\/videogam.net\/inicio\/wp-json\/wp\/v2\/types\/page"}],"author":[{"embeddable":true,"href":"https:\/\/videogam.net\/inicio\/wp-json\/wp\/v2\/users\/2"}],"replies":[{"embeddable":true,"href":"https:\/\/videogam.net\/inicio\/wp-json\/wp\/v2\/comments?post=4039"}],"version-history":[{"count":2,"href":"https:\/\/videogam.net\/inicio\/wp-json\/wp\/v2\/pages\/4039\/revisions"}],"predecessor-version":[{"id":4041,"href":"https:\/\/videogam.net\/inicio\/wp-json\/wp\/v2\/pages\/4039\/revisions\/4041"}],"wp:attachment":[{"href":"https:\/\/videogam.net\/inicio\/wp-json\/wp\/v2\/media?parent=4039"}],"curies":[{"name":"wp","href":"https:\/\/api.w.org\/{rel}","templated":true}]}}