{"id":3662,"date":"2023-10-15T21:31:07","date_gmt":"2023-10-16T02:31:07","guid":{"rendered":"https:\/\/videogam.net\/inicio\/?page_id=3662"},"modified":"2025-01-22T19:32:14","modified_gmt":"2025-01-23T01:32:14","slug":"vg-blog","status":"publish","type":"page","link":"https:\/\/videogam.net\/inicio\/vg-blog\/","title":{"rendered":"VG Blog"},"content":{"rendered":"\n<p><small>Arnold Newman<\/small><\/p>\n\n\n\n<div class=\"wp-block-media-text is-stacked-on-mobile\"><figure class=\"wp-block-media-text__media\"><img fetchpriority=\"high\" decoding=\"async\" width=\"782\" height=\"521\" src=\"https:\/\/videogam.net\/inicio\/wp-content\/uploads\/2023\/08\/Arnold-Newman.jpg\" alt=\"\" class=\"wp-image-3240 size-full\" srcset=\"https:\/\/videogam.net\/inicio\/wp-content\/uploads\/2023\/08\/Arnold-Newman.jpg 782w, https:\/\/videogam.net\/inicio\/wp-content\/uploads\/2023\/08\/Arnold-Newman-300x200.jpg 300w, https:\/\/videogam.net\/inicio\/wp-content\/uploads\/2023\/08\/Arnold-Newman-768x512.jpg 768w\" sizes=\"(max-width: 782px) 100vw, 782px\" \/><\/figure><div class=\"wp-block-media-text__content\">\n<p>Muchos fot\u00f3grafos piensan que si compran una c\u00e1mara mejor ser\u00e1n capaces  de hacer mejores fotos. Una c\u00e1mara mejor no har\u00e1 nada por ti si no hay  nada en tu cabeza o en tu coraz\u00f3n.<\/p>\n<\/div><\/div>\n\n\n\n<p><small>ACarl Mydans<\/small><\/p>\n\n\n\n<div class=\"wp-block-media-text is-stacked-on-mobile\"><figure class=\"wp-block-media-text__media\"><img decoding=\"async\" width=\"782\" height=\"521\" src=\"https:\/\/videogam.net\/inicio\/wp-content\/uploads\/2023\/08\/Carl-Mydans.jpg\" alt=\"\" class=\"wp-image-3239 size-full\" srcset=\"https:\/\/videogam.net\/inicio\/wp-content\/uploads\/2023\/08\/Carl-Mydans.jpg 782w, https:\/\/videogam.net\/inicio\/wp-content\/uploads\/2023\/08\/Carl-Mydans-300x200.jpg 300w, https:\/\/videogam.net\/inicio\/wp-content\/uploads\/2023\/08\/Carl-Mydans-768x512.jpg 768w\" sizes=\"(max-width: 782px) 100vw, 782px\" \/><\/figure><div class=\"wp-block-media-text__content\">\n<p>Uno se convierte en fot\u00f3grafo cuando ha superado las preocupaciones del aprendizaje y en sus manos la c\u00e1mara se convierte una extensi\u00f3n de uno mismo. Entonces comienza la creatividad.<\/p>\n<\/div><\/div>\n\n\n\n<p><small>Fred Mc Cullin<\/small><\/p>\n\n\n\n<div class=\"wp-block-media-text is-stacked-on-mobile\"><figure class=\"wp-block-media-text__media\"><img decoding=\"async\" width=\"782\" height=\"521\" src=\"https:\/\/videogam.net\/inicio\/wp-content\/uploads\/2023\/08\/Fred-Mc-Cullin.jpg\" alt=\"\" class=\"wp-image-3238 size-full\" srcset=\"https:\/\/videogam.net\/inicio\/wp-content\/uploads\/2023\/08\/Fred-Mc-Cullin.jpg 782w, https:\/\/videogam.net\/inicio\/wp-content\/uploads\/2023\/08\/Fred-Mc-Cullin-300x200.jpg 300w, https:\/\/videogam.net\/inicio\/wp-content\/uploads\/2023\/08\/Fred-Mc-Cullin-768x512.jpg 768w\" sizes=\"(max-width: 782px) 100vw, 782px\" \/><\/figure><div class=\"wp-block-media-text__content\">\n<p>La fotografia no puede cambiar la realidad pero si puede mostrarla.<\/p>\n<\/div><\/div>\n\n\n\n<p><small>Bruno Barbey<\/small><\/p>\n\n\n\n<div class=\"wp-block-media-text is-stacked-on-mobile\"><figure class=\"wp-block-media-text__media\"><img loading=\"lazy\" decoding=\"async\" width=\"782\" height=\"521\" src=\"https:\/\/videogam.net\/inicio\/wp-content\/uploads\/2023\/08\/Bruno-Barbey.jpg\" alt=\"\" class=\"wp-image-3236 size-full\" srcset=\"https:\/\/videogam.net\/inicio\/wp-content\/uploads\/2023\/08\/Bruno-Barbey.jpg 782w, https:\/\/videogam.net\/inicio\/wp-content\/uploads\/2023\/08\/Bruno-Barbey-300x200.jpg 300w, https:\/\/videogam.net\/inicio\/wp-content\/uploads\/2023\/08\/Bruno-Barbey-768x512.jpg 768w\" sizes=\"(max-width: 782px) 100vw, 782px\" \/><\/figure><div class=\"wp-block-media-text__content\">\n<p>La fotograf\u00eda es el \u00fanico lenguaje que puede ser entendido y comprendido en todo el mundo.<\/p>\n<\/div><\/div>\n\n\n\n<p><small>Alfred Eisenstaedt<\/small><\/p>\n\n\n\n<div class=\"wp-block-media-text is-stacked-on-mobile\"><figure class=\"wp-block-media-text__media\"><img loading=\"lazy\" decoding=\"async\" width=\"782\" height=\"521\" src=\"https:\/\/videogam.net\/inicio\/wp-content\/uploads\/2023\/08\/Alfred-Eisenstaedt.jpg\" alt=\"\" class=\"wp-image-3235 size-full\" srcset=\"https:\/\/videogam.net\/inicio\/wp-content\/uploads\/2023\/08\/Alfred-Eisenstaedt.jpg 782w, https:\/\/videogam.net\/inicio\/wp-content\/uploads\/2023\/08\/Alfred-Eisenstaedt-300x200.jpg 300w, https:\/\/videogam.net\/inicio\/wp-content\/uploads\/2023\/08\/Alfred-Eisenstaedt-768x512.jpg 768w\" sizes=\"(max-width: 782px) 100vw, 782px\" \/><\/figure><div class=\"wp-block-media-text__content\">\n<p>Lo m\u00e1s importante no es la c\u00e1mara, sino el ojo.<\/p>\n<\/div><\/div>\n\n\n\n<p><small>Berenice Abbott<\/small><\/p>\n\n\n\n<div class=\"wp-block-media-text is-stacked-on-mobile\"><figure class=\"wp-block-media-text__media\"><img loading=\"lazy\" decoding=\"async\" width=\"782\" height=\"521\" src=\"https:\/\/videogam.net\/inicio\/wp-content\/uploads\/2023\/08\/Berenice-Abbott.jpg\" alt=\"\" class=\"wp-image-3234 size-full\" srcset=\"https:\/\/videogam.net\/inicio\/wp-content\/uploads\/2023\/08\/Berenice-Abbott.jpg 782w, https:\/\/videogam.net\/inicio\/wp-content\/uploads\/2023\/08\/Berenice-Abbott-300x200.jpg 300w, https:\/\/videogam.net\/inicio\/wp-content\/uploads\/2023\/08\/Berenice-Abbott-768x512.jpg 768w\" sizes=\"(max-width: 782px) 100vw, 782px\" \/><\/figure><div class=\"wp-block-media-text__content\">\n<p>La fotograf\u00eda s\u00f3lo puede representar el presente. Una vez fotografiado, la fotograf\u00eda se convierte en pasado.<\/p>\n<\/div><\/div>\n\n\n\n<div class=\"wp-block-buttons is-content-justification-center is-layout-flex wp-container-core-buttons-is-layout-a89b3969 wp-block-buttons-is-layout-flex\">\n<div class=\"wp-block-button\"><a class=\"wp-block-button__link wp-element-button\" href=\"https:\/\/videogam.net\/inicio\/\"> INICIO<\/a><\/div>\n\n\n\n<div class=\"wp-block-button\"><a class=\"wp-block-button__link wp-element-button\" href=\"https:\/\/videogam.net\/inicio\/servicios\/\">servicios<\/a><\/div>\n\n\n\n<div class=\"wp-block-button\"><a class=\"wp-block-button__link wp-element-button\" href=\"https:\/\/videogam.net\/inicio\/paquetes\/\">Paquetes<\/a><\/div>\n\n\n\n<div class=\"wp-block-button\"><a class=\"wp-block-button__link wp-element-button\" href=\"https:\/\/videogam.net\/inicio\/proyectos-vg\/\">Proyectos<\/a><\/div>\n<\/div>\n<script>function PlayerjsAsync(){} if(window[\"Playerjs\"]){PlayerjsAsync();}<\/script>","protected":false},"excerpt":{"rendered":"<p>Arnold Newman Muchos fot\u00f3grafos piensan que si compran una c\u00e1mara mejor ser\u00e1n capaces de hacer mejores fotos. Una c\u00e1mara mejor no har\u00e1 nada por ti si no hay nada en tu cabeza o en tu coraz\u00f3n. ACarl Mydans Uno se convierte en fot\u00f3grafo cuando ha superado las preocupaciones del aprendizaje y en sus manos la [&hellip;]<\/p>\n","protected":false},"author":2,"featured_media":0,"parent":0,"menu_order":0,"comment_status":"closed","ping_status":"closed","template":"","meta":{"om_disable_all_campaigns":false,"_uag_custom_page_level_css":"","_monsterinsights_skip_tracking":false,"_monsterinsights_sitenote_active":false,"_monsterinsights_sitenote_note":"","_monsterinsights_sitenote_category":0,"footnotes":""},"class_list":["post-3662","page","type-page","status-publish","hentry"],"aioseo_notices":[],"uagb_featured_image_src":{"full":false,"thumbnail":false,"medium":false,"medium_large":false,"large":false,"1536x1536":false,"2048x2048":false},"uagb_author_info":{"display_name":"Video Gam","author_link":"https:\/\/videogam.net\/inicio\/author\/videogam\/"},"uagb_comment_info":0,"uagb_excerpt":"Arnold Newman Muchos fot\u00f3grafos piensan que si compran una c\u00e1mara mejor ser\u00e1n capaces de hacer mejores fotos. Una c\u00e1mara mejor no har\u00e1 nada por ti si no hay nada en tu cabeza o en tu coraz\u00f3n. ACarl Mydans Uno se convierte en fot\u00f3grafo cuando ha superado las preocupaciones del aprendizaje y en sus manos la&hellip;","_links":{"self":[{"href":"https:\/\/videogam.net\/inicio\/wp-json\/wp\/v2\/pages\/3662","targetHints":{"allow":["GET"]}}],"collection":[{"href":"https:\/\/videogam.net\/inicio\/wp-json\/wp\/v2\/pages"}],"about":[{"href":"https:\/\/videogam.net\/inicio\/wp-json\/wp\/v2\/types\/page"}],"author":[{"embeddable":true,"href":"https:\/\/videogam.net\/inicio\/wp-json\/wp\/v2\/users\/2"}],"replies":[{"embeddable":true,"href":"https:\/\/videogam.net\/inicio\/wp-json\/wp\/v2\/comments?post=3662"}],"version-history":[{"count":3,"href":"https:\/\/videogam.net\/inicio\/wp-json\/wp\/v2\/pages\/3662\/revisions"}],"predecessor-version":[{"id":4033,"href":"https:\/\/videogam.net\/inicio\/wp-json\/wp\/v2\/pages\/3662\/revisions\/4033"}],"wp:attachment":[{"href":"https:\/\/videogam.net\/inicio\/wp-json\/wp\/v2\/media?parent=3662"}],"curies":[{"name":"wp","href":"https:\/\/api.w.org\/{rel}","templated":true}]}}